{"id":1741,"date":"2023-05-14T18:03:21","date_gmt":"2023-05-14T18:03:21","guid":{"rendered":"https:\/\/kingalenczyk.pl\/?page_id=1741"},"modified":"2023-05-17T06:47:07","modified_gmt":"2023-05-17T06:47:07","slug":"nikiszowy_dom_tymczasowy","status":"publish","type":"page","link":"https:\/\/kingalenczyk.pl\/index.php\/nikiszowy_dom_tymczasowy\/","title":{"rendered":"Nikiszowy Dom Tymczasowy"},"content":{"rendered":"\t\t<div data-elementor-type=\"wp-page\" data-elementor-id=\"1741\" class=\"elementor elementor-1741\">\n\t\t\t\t\t\t<section class=\"elementor-section elementor-top-section elementor-element elementor-element-019dc77 elementor-section-height-min-height elementor-section-boxed elementor-section-height-default elementor-section-items-middle wpr-particle-no wpr-jarallax-no wpr-parallax-no wpr-sticky-section-no\" data-id=\"019dc77\" data-element_type=\"section\" data-settings=\"{&quot;background_background&quot;:&quot;classic&quot;}\">\n\t\t\t\t\t\t<div class=\"elementor-container elementor-column-gap-no\">\n\t\t\t\t\t<div class=\"elementor-column elementor-col-100 elementor-top-column elementor-element elementor-element-151803c\" data-id=\"151803c\" data-element_type=\"column\">\n\t\t\t<div class=\"elementor-widget-wrap elementor-element-populated\">\n\t\t\t\t\t\t<div class=\"elementor-element elementor-element-afbb198 elementor-widget-tablet__width-initial elementor-widget elementor-widget-heading\" data-id=\"afbb198\" data-element_type=\"widget\" data-widget_type=\"heading.default\">\n\t\t\t\t<div class=\"elementor-widget-container\">\n\t\t\t\t\t<h3 class=\"elementor-heading-title elementor-size-default\">Nikiszowy Dom Tymczasowy\n<\/h3>\t\t\t\t<\/div>\n\t\t\t\t<\/div>\n\t\t\t\t<div class=\"elementor-element elementor-element-64f5341 elementor-widget-divider--view-line elementor-widget elementor-widget-divider\" data-id=\"64f5341\" data-element_type=\"widget\" data-widget_type=\"divider.default\">\n\t\t\t\t<div class=\"elementor-widget-container\">\n\t\t\t\t\t\t\t<div class=\"elementor-divider\">\n\t\t\t<span class=\"elementor-divider-separator\">\n\t\t\t\t\t\t<\/span>\n\t\t<\/div>\n\t\t\t\t\t\t<\/div>\n\t\t\t\t<\/div>\n\t\t\t\t\t<\/div>\n\t\t<\/div>\n\t\t\t\t\t<\/div>\n\t\t<\/section>\n\t\t\t\t<section class=\"elementor-section elementor-top-section elementor-element elementor-element-c3b44ca elementor-section-height-min-height elementor-section-boxed elementor-section-height-default elementor-section-items-middle wpr-particle-no wpr-jarallax-no wpr-parallax-no wpr-sticky-section-no\" data-id=\"c3b44ca\" data-element_type=\"section\" data-settings=\"{&quot;background_background&quot;:&quot;classic&quot;}\">\n\t\t\t\t\t\t<div class=\"elementor-container elementor-column-gap-no\">\n\t\t\t\t\t<div class=\"elementor-column elementor-col-100 elementor-top-column elementor-element elementor-element-26981b9\" data-id=\"26981b9\" data-element_type=\"column\">\n\t\t\t<div class=\"elementor-widget-wrap elementor-element-populated\">\n\t\t\t\t\t\t<div class=\"elementor-element elementor-element-4a74d0e elementor-widget elementor-widget-text-editor\" data-id=\"4a74d0e\" data-element_type=\"widget\" data-widget_type=\"text-editor.default\">\n\t\t\t\t<div class=\"elementor-widget-container\">\n\t\t\t\t\t\t\t\t\t<b>Projekt komunikacji wizualnej dla Nikiszowego Domu Tymczasowego\nW pierwszej kolejno\u015bci powsta\u0142y komunikaty, kt\u00f3re mia\u0142y wzbudza\u0107<br>\nw odbiorcy g\u0142\u0119bokie odczucia.\nJako t\u0142o wykorzystane zosta\u0142y zdj\u0119cia podopiecznych Nikiszowego Domu Tymczasowego.<\/b>\n<bR><br>\n\nStworzony zosta\u0142 r\u00f3wnie\u017c film, wykorzystuj\u0105cy powsta\u0142\u0105 komunikacj\u0119 oraz filmy z udzia\u0142em podopiecznych NDT.\nFilm mia\u0142 za zadanie jak najbardziej przybli\u017cy\u0107 problem stowarzyszenia oraz chwyci\u0107 odbiorc\u00f3w za serca.\t\t\t\t\t\t\t\t<\/div>\n\t\t\t\t<\/div>\n\t\t\t\t\t<\/div>\n\t\t<\/div>\n\t\t\t\t\t<\/div>\n\t\t<\/section>\n\t\t\t\t<section class=\"elementor-section elementor-top-section elementor-element elementor-element-392ba54 elementor-section-full_width elementor-section-height-default elementor-section-height-default wpr-particle-no wpr-jarallax-no wpr-parallax-no wpr-sticky-section-no\" data-id=\"392ba54\" data-element_type=\"section\">\n\t\t\t\t\t\t<div class=\"elementor-container elementor-column-gap-default\">\n\t\t\t\t\t<div class=\"elementor-column elementor-col-100 elementor-top-column elementor-element elementor-element-2789158\" data-id=\"2789158\" data-element_type=\"column\">\n\t\t\t<div class=\"elementor-widget-wrap elementor-element-populated\">\n\t\t\t\t\t\t<div class=\"elementor-element elementor-element-d544a8c elementor-widget elementor-widget-image\" data-id=\"d544a8c\" data-element_type=\"widget\" data-widget_type=\"image.default\">\n\t\t\t\t<div class=\"elementor-widget-container\">\n\t\t\t\t\t\t\t\t\t\t\t\t\t\t\t<img fetchpriority=\"high\" decoding=\"async\" width=\"2667\" height=\"1638\" src=\"https:\/\/kingalenczyk.pl\/wp-content\/uploads\/2023\/05\/ndt-1.png\" class=\"attachment-full size-full wp-image-1744\" alt=\"\" srcset=\"https:\/\/kingalenczyk.pl\/wp-content\/uploads\/2023\/05\/ndt-1.png 2667w, https:\/\/kingalenczyk.pl\/wp-content\/uploads\/2023\/05\/ndt-1-300x184.png 300w, https:\/\/kingalenczyk.pl\/wp-content\/uploads\/2023\/05\/ndt-1-1024x629.png 1024w, https:\/\/kingalenczyk.pl\/wp-content\/uploads\/2023\/05\/ndt-1-768x472.png 768w, https:\/\/kingalenczyk.pl\/wp-content\/uploads\/2023\/05\/ndt-1-1536x943.png 1536w, https:\/\/kingalenczyk.pl\/wp-content\/uploads\/2023\/05\/ndt-1-2048x1258.png 2048w\" sizes=\"(max-width: 2667px) 100vw, 2667px\" \/>\t\t\t\t\t\t\t\t\t\t\t\t\t\t\t<\/div>\n\t\t\t\t<\/div>\n\t\t\t\t<div class=\"elementor-element elementor-element-76cb553 elementor-widget elementor-widget-image\" data-id=\"76cb553\" data-element_type=\"widget\" data-widget_type=\"image.default\">\n\t\t\t\t<div class=\"elementor-widget-container\">\n\t\t\t\t\t\t\t\t\t\t\t\t\t\t\t<img decoding=\"async\" width=\"2667\" height=\"1454\" src=\"https:\/\/kingalenczyk.pl\/wp-content\/uploads\/2023\/05\/ndt-2.png\" class=\"attachment-full size-full wp-image-1745\" alt=\"\" srcset=\"https:\/\/kingalenczyk.pl\/wp-content\/uploads\/2023\/05\/ndt-2.png 2667w, https:\/\/kingalenczyk.pl\/wp-content\/uploads\/2023\/05\/ndt-2-300x164.png 300w, https:\/\/kingalenczyk.pl\/wp-content\/uploads\/2023\/05\/ndt-2-1024x558.png 1024w, https:\/\/kingalenczyk.pl\/wp-content\/uploads\/2023\/05\/ndt-2-768x419.png 768w, https:\/\/kingalenczyk.pl\/wp-content\/uploads\/2023\/05\/ndt-2-1536x837.png 1536w, https:\/\/kingalenczyk.pl\/wp-content\/uploads\/2023\/05\/ndt-2-2048x1117.png 2048w\" sizes=\"(max-width: 2667px) 100vw, 2667px\" \/>\t\t\t\t\t\t\t\t\t\t\t\t\t\t\t<\/div>\n\t\t\t\t<\/div>\n\t\t\t\t<div class=\"elementor-element elementor-element-2dfdfc8 elementor-widget elementor-widget-video\" data-id=\"2dfdfc8\" data-element_type=\"widget\" data-settings=\"{&quot;video_type&quot;:&quot;hosted&quot;,&quot;controls&quot;:&quot;yes&quot;}\" data-widget_type=\"video.default\">\n\t\t\t\t<div class=\"elementor-widget-container\">\n\t\t\t\t\t\t\t<div class=\"e-hosted-video elementor-wrapper elementor-open-inline\">\n\t\t\t\t\t<video class=\"elementor-video\" src=\"http:\/\/kingalenczyk.pl\/wp-content\/uploads\/2023\/05\/NDT_film_compress.mp4\" controls=\"\" preload=\"metadata\" controlsList=\"nodownload\"><\/video>\n\t\t\t\t<\/div>\n\t\t\t\t\t\t<\/div>\n\t\t\t\t<\/div>\n\t\t\t\t\t<\/div>\n\t\t<\/div>\n\t\t\t\t\t<\/div>\n\t\t<\/section>\n\t\t\t\t<section class=\"elementor-section elementor-top-section elementor-element elementor-element-72570e5 elementor-section-full_width elementor-section-height-default elementor-section-height-default wpr-particle-no wpr-jarallax-no wpr-parallax-no wpr-sticky-section-no\" data-id=\"72570e5\" data-element_type=\"section\">\n\t\t\t\t\t\t<div class=\"elementor-container elementor-column-gap-default\">\n\t\t\t\t\t<div class=\"elementor-column elementor-col-100 elementor-top-column elementor-element elementor-element-9ad4bd9\" data-id=\"9ad4bd9\" data-element_type=\"column\">\n\t\t\t<div class=\"elementor-widget-wrap elementor-element-populated\">\n\t\t\t\t\t\t<div class=\"elementor-element elementor-element-56d2f77 elementor-widget elementor-widget-html\" data-id=\"56d2f77\" data-element_type=\"widget\" data-widget_type=\"html.default\">\n\t\t\t\t<div class=\"elementor-widget-container\">\n\t\t\t\t\t<center><\/venter><input type=\"button\" value=\"Wstecz\" onClick=\"history.back();\" \/><\/center>\r\n\t\t\t\t<\/div>\n\t\t\t\t<\/div>\n\t\t\t\t\t<\/div>\n\t\t<\/div>\n\t\t\t\t\t<\/div>\n\t\t<\/section>\n\t\t\t\t<\/div>\n\t\t","protected":false},"excerpt":{"rendered":"<p>Nikiszowy Dom Tymczasowy Projekt komunikacji wizualnej dla Nikiszowego Domu Tymczasowego W pierwszej kolejno\u015bci powsta\u0142y komunikaty, kt\u00f3re mia\u0142y wzbudza\u0107 w odbiorcy g\u0142\u0119bokie odczucia. Jako t\u0142o wykorzystane zosta\u0142y zdj\u0119cia podopiecznych Nikiszowego Domu Tymczasowego. Stworzony zosta\u0142 r\u00f3wnie\u017c film, wykorzystuj\u0105cy powsta\u0142\u0105 komunikacj\u0119 oraz filmy z udzia\u0142em podopiecznych NDT. Film mia\u0142 za zadanie jak najbardziej przybli\u017cy\u0107 problem stowarzyszenia oraz chwyci\u0107 odbiorc\u00f3w za serca. http:\/\/kingalenczyk.pl\/wp-content\/uploads\/2023\/05\/NDT_film_compress.mp4<\/p>\n","protected":false},"author":1,"featured_media":0,"parent":0,"menu_order":0,"comment_status":"closed","ping_status":"closed","template":"elementor_header_footer","meta":{"site-sidebar-layout":"no-sidebar","site-content-layout":"page-builder","ast-site-content-layout":"","site-content-style":"default","site-sidebar-style":"default","ast-global-header-display":"","ast-banner-title-visibility":"","ast-main-header-display":"","ast-hfb-above-header-display":"","ast-hfb-below-header-display":"","ast-hfb-mobile-header-display":"","site-post-title":"disabled","ast-breadcrumbs-content":"disabled","ast-featured-img":"disabled","footer-sml-layout":"","theme-transparent-header-meta":"enabled","adv-header-id-meta":"","stick-header-meta":"","header-above-stick-meta":"","header-main-stick-meta":"","header-below-stick-meta":"","astra-migrate-meta-layouts":"default","ast-page-background-enabled":"default","ast-page-background-meta":{"desktop":{"background-color":"","background-image":"","background-repeat":"repeat","background-position":"center center","background-size":"auto","background-attachment":"scroll","background-type":"","background-media":"","overlay-type":"","overlay-color":"","overlay-opacity":"","overlay-gradient":""},"tablet":{"background-color":"","background-image":"","background-repeat":"repeat","background-position":"center center","background-size":"auto","background-attachment":"scroll","background-type":"","background-media":"","overlay-type":"","overlay-color":"","overlay-opacity":"","overlay-gradient":""},"mobile":{"background-color":"","background-image":"","background-repeat":"repeat","background-position":"center center","background-size":"auto","background-attachment":"scroll","background-type":"","background-media":"","overlay-type":"","overlay-color":"","overlay-opacity":"","overlay-gradient":""}},"ast-content-background-meta":{"desktop":{"background-color":"var(--ast-global-color-5)","background-image":"","background-repeat":"repeat","background-position":"center center","background-size":"auto","background-attachment":"scroll","background-type":"","background-media":"","overlay-type":"","overlay-color":"","overlay-opacity":"","overlay-gradient":""},"tablet":{"background-color":"var(--ast-global-color-5)","background-image":"","background-repeat":"repeat","background-position":"center center","background-size":"auto","background-attachment":"scroll","background-type":"","background-media":"","overlay-type":"","overlay-color":"","overlay-opacity":"","overlay-gradient":""},"mobile":{"background-color":"var(--ast-global-color-5)","background-image":"","background-repeat":"repeat","background-position":"center center","background-size":"auto","background-attachment":"scroll","background-type":"","background-media":"","overlay-type":"","overlay-color":"","overlay-opacity":"","overlay-gradient":""}},"footnotes":""},"class_list":["post-1741","page","type-page","status-publish","hentry"],"_links":{"self":[{"href":"https:\/\/kingalenczyk.pl\/index.php\/wp-json\/wp\/v2\/pages\/1741","targetHints":{"allow":["GET"]}}],"collection":[{"href":"https:\/\/kingalenczyk.pl\/index.php\/wp-json\/wp\/v2\/pages"}],"about":[{"href":"https:\/\/kingalenczyk.pl\/index.php\/wp-json\/wp\/v2\/types\/page"}],"author":[{"embeddable":true,"href":"https:\/\/kingalenczyk.pl\/index.php\/wp-json\/wp\/v2\/users\/1"}],"replies":[{"embeddable":true,"href":"https:\/\/kingalenczyk.pl\/index.php\/wp-json\/wp\/v2\/comments?post=1741"}],"version-history":[{"count":19,"href":"https:\/\/kingalenczyk.pl\/index.php\/wp-json\/wp\/v2\/pages\/1741\/revisions"}],"predecessor-version":[{"id":2165,"href":"https:\/\/kingalenczyk.pl\/index.php\/wp-json\/wp\/v2\/pages\/1741\/revisions\/2165"}],"wp:attachment":[{"href":"https:\/\/kingalenczyk.pl\/index.php\/wp-json\/wp\/v2\/media?parent=1741"}],"curies":[{"name":"wp","href":"https:\/\/api.w.org\/{rel}","templated":true}]}}