{"id":1722,"date":"2023-05-14T17:53:04","date_gmt":"2023-05-14T17:53:04","guid":{"rendered":"https:\/\/kingalenczyk.pl\/?page_id=1722"},"modified":"2023-05-17T06:46:36","modified_gmt":"2023-05-17T06:46:36","slug":"50_kreatywnych","status":"publish","type":"page","link":"https:\/\/kingalenczyk.pl\/index.php\/50_kreatywnych\/","title":{"rendered":"50 kreatywnych"},"content":{"rendered":"\t\t<div data-elementor-type=\"wp-page\" data-elementor-id=\"1722\" class=\"elementor elementor-1722\">\n\t\t\t\t\t\t<section class=\"elementor-section elementor-top-section elementor-element elementor-element-019dc77 elementor-section-height-min-height elementor-section-boxed elementor-section-height-default elementor-section-items-middle wpr-particle-no wpr-jarallax-no wpr-parallax-no wpr-sticky-section-no\" data-id=\"019dc77\" data-element_type=\"section\" data-settings=\"{&quot;background_background&quot;:&quot;classic&quot;}\">\n\t\t\t\t\t\t<div class=\"elementor-container elementor-column-gap-no\">\n\t\t\t\t\t<div class=\"elementor-column elementor-col-100 elementor-top-column elementor-element elementor-element-151803c\" data-id=\"151803c\" data-element_type=\"column\">\n\t\t\t<div class=\"elementor-widget-wrap elementor-element-populated\">\n\t\t\t\t\t\t<div class=\"elementor-element elementor-element-afbb198 elementor-widget-tablet__width-initial elementor-widget elementor-widget-heading\" data-id=\"afbb198\" data-element_type=\"widget\" data-widget_type=\"heading.default\">\n\t\t\t\t<div class=\"elementor-widget-container\">\n\t\t\t\t\t<h3 class=\"elementor-heading-title elementor-size-default\">50 kreatywnych\n<\/h3>\t\t\t\t<\/div>\n\t\t\t\t<\/div>\n\t\t\t\t<div class=\"elementor-element elementor-element-64f5341 elementor-widget-divider--view-line elementor-widget elementor-widget-divider\" data-id=\"64f5341\" data-element_type=\"widget\" data-widget_type=\"divider.default\">\n\t\t\t\t<div class=\"elementor-widget-container\">\n\t\t\t\t\t\t\t<div class=\"elementor-divider\">\n\t\t\t<span class=\"elementor-divider-separator\">\n\t\t\t\t\t\t<\/span>\n\t\t<\/div>\n\t\t\t\t\t\t<\/div>\n\t\t\t\t<\/div>\n\t\t\t\t\t<\/div>\n\t\t<\/div>\n\t\t\t\t\t<\/div>\n\t\t<\/section>\n\t\t\t\t<section class=\"elementor-section elementor-top-section elementor-element elementor-element-c3b44ca elementor-section-height-min-height elementor-section-boxed elementor-section-height-default elementor-section-items-middle wpr-particle-no wpr-jarallax-no wpr-parallax-no wpr-sticky-section-no\" data-id=\"c3b44ca\" data-element_type=\"section\" data-settings=\"{&quot;background_background&quot;:&quot;classic&quot;}\">\n\t\t\t\t\t\t<div class=\"elementor-container elementor-column-gap-no\">\n\t\t\t\t\t<div class=\"elementor-column elementor-col-100 elementor-top-column elementor-element elementor-element-26981b9\" data-id=\"26981b9\" data-element_type=\"column\">\n\t\t\t<div class=\"elementor-widget-wrap elementor-element-populated\">\n\t\t\t\t\t\t<div class=\"elementor-element elementor-element-4a74d0e elementor-widget elementor-widget-text-editor\" data-id=\"4a74d0e\" data-element_type=\"widget\" data-widget_type=\"text-editor.default\">\n\t\t\t\t<div class=\"elementor-widget-container\">\n\t\t\t\t\t\t\t\t\t<b>Projekt przedstawia modernizacji komunikacji wizualnej wydarzenia, jakim jest ranking oraz gala 50 Najbardziej Kreatywnych<br> w Biznesie, organizowanego przez Brief.pl.<\/b>\n<br><br>\n\nCelem zmiany by\u0142o nawi\u0105zanie wizualne do nowej grupy docelowej rankingu, dotarcie do m\u0142odych oraz inspiruj\u0105cych os\u00f3b, kt\u00f3re prowadz\u0105 sw\u00f3j biznes. Pocz\u0105tkiem zmiany by\u0142o zmodernizowanie logo. Zachowany zosta\u0142 kszta\u0142t okr\u0119gu lecz nadano mu nieco abstrakcyjn\u0105 form\u0119, podobnie jak liczbie 50.\n<br><br>\n\nW nast\u0119pnym kroku okre\u015blone zosta\u0142y barwy rankingu. Po\u0142\u0105czone w nowoczesny gradient mia\u0142y nawi\u0105zywa\u0107 do innowacyjno\u015bci, startup\u00f3w oraz \u015brodowiska Digital. Ostatnim etapem by\u0142o stworzenie patternu oraz autorskiego alfabetu z numeracj\u0105.\t\t\t\t\t\t\t\t<\/div>\n\t\t\t\t<\/div>\n\t\t\t\t\t<\/div>\n\t\t<\/div>\n\t\t\t\t\t<\/div>\n\t\t<\/section>\n\t\t\t\t<section class=\"elementor-section elementor-top-section elementor-element elementor-element-392ba54 elementor-section-full_width elementor-section-height-default elementor-section-height-default wpr-particle-no wpr-jarallax-no wpr-parallax-no wpr-sticky-section-no\" data-id=\"392ba54\" data-element_type=\"section\">\n\t\t\t\t\t\t<div class=\"elementor-container elementor-column-gap-default\">\n\t\t\t\t\t<div class=\"elementor-column elementor-col-100 elementor-top-column elementor-element elementor-element-2789158\" data-id=\"2789158\" data-element_type=\"column\">\n\t\t\t<div class=\"elementor-widget-wrap elementor-element-populated\">\n\t\t\t\t\t\t<div class=\"elementor-element elementor-element-d544a8c elementor-widget elementor-widget-image\" data-id=\"d544a8c\" data-element_type=\"widget\" data-widget_type=\"image.default\">\n\t\t\t\t<div class=\"elementor-widget-container\">\n\t\t\t\t\t\t\t\t\t\t\t\t\t\t\t<img fetchpriority=\"high\" decoding=\"async\" width=\"2667\" height=\"1020\" src=\"https:\/\/kingalenczyk.pl\/wp-content\/uploads\/2023\/05\/50k-1.png\" class=\"attachment-full size-full wp-image-1731\" alt=\"\" srcset=\"https:\/\/kingalenczyk.pl\/wp-content\/uploads\/2023\/05\/50k-1.png 2667w, https:\/\/kingalenczyk.pl\/wp-content\/uploads\/2023\/05\/50k-1-300x115.png 300w, https:\/\/kingalenczyk.pl\/wp-content\/uploads\/2023\/05\/50k-1-1024x392.png 1024w, https:\/\/kingalenczyk.pl\/wp-content\/uploads\/2023\/05\/50k-1-768x294.png 768w, https:\/\/kingalenczyk.pl\/wp-content\/uploads\/2023\/05\/50k-1-1536x587.png 1536w, https:\/\/kingalenczyk.pl\/wp-content\/uploads\/2023\/05\/50k-1-2048x783.png 2048w\" sizes=\"(max-width: 2667px) 100vw, 2667px\" \/>\t\t\t\t\t\t\t\t\t\t\t\t\t\t\t<\/div>\n\t\t\t\t<\/div>\n\t\t\t\t<div class=\"elementor-element elementor-element-76cb553 elementor-widget elementor-widget-image\" data-id=\"76cb553\" data-element_type=\"widget\" data-widget_type=\"image.default\">\n\t\t\t\t<div class=\"elementor-widget-container\">\n\t\t\t\t\t\t\t\t\t\t\t\t\t\t\t<img decoding=\"async\" width=\"2667\" height=\"882\" src=\"https:\/\/kingalenczyk.pl\/wp-content\/uploads\/2023\/05\/50k-2.png\" class=\"attachment-full size-full wp-image-1727\" alt=\"\" srcset=\"https:\/\/kingalenczyk.pl\/wp-content\/uploads\/2023\/05\/50k-2.png 2667w, https:\/\/kingalenczyk.pl\/wp-content\/uploads\/2023\/05\/50k-2-300x99.png 300w, https:\/\/kingalenczyk.pl\/wp-content\/uploads\/2023\/05\/50k-2-1024x339.png 1024w, https:\/\/kingalenczyk.pl\/wp-content\/uploads\/2023\/05\/50k-2-768x254.png 768w, https:\/\/kingalenczyk.pl\/wp-content\/uploads\/2023\/05\/50k-2-1536x508.png 1536w, https:\/\/kingalenczyk.pl\/wp-content\/uploads\/2023\/05\/50k-2-2048x677.png 2048w\" sizes=\"(max-width: 2667px) 100vw, 2667px\" \/>\t\t\t\t\t\t\t\t\t\t\t\t\t\t\t<\/div>\n\t\t\t\t<\/div>\n\t\t\t\t<div class=\"elementor-element elementor-element-495035e elementor-widget elementor-widget-image\" data-id=\"495035e\" data-element_type=\"widget\" data-widget_type=\"image.default\">\n\t\t\t\t<div class=\"elementor-widget-container\">\n\t\t\t\t\t\t\t\t\t\t\t\t\t\t\t<img decoding=\"async\" width=\"2667\" height=\"993\" src=\"https:\/\/kingalenczyk.pl\/wp-content\/uploads\/2023\/05\/50k-3.png\" class=\"attachment-full size-full wp-image-1728\" alt=\"\" srcset=\"https:\/\/kingalenczyk.pl\/wp-content\/uploads\/2023\/05\/50k-3.png 2667w, https:\/\/kingalenczyk.pl\/wp-content\/uploads\/2023\/05\/50k-3-300x112.png 300w, https:\/\/kingalenczyk.pl\/wp-content\/uploads\/2023\/05\/50k-3-1024x381.png 1024w, https:\/\/kingalenczyk.pl\/wp-content\/uploads\/2023\/05\/50k-3-768x286.png 768w, https:\/\/kingalenczyk.pl\/wp-content\/uploads\/2023\/05\/50k-3-1536x572.png 1536w, https:\/\/kingalenczyk.pl\/wp-content\/uploads\/2023\/05\/50k-3-2048x763.png 2048w\" sizes=\"(max-width: 2667px) 100vw, 2667px\" \/>\t\t\t\t\t\t\t\t\t\t\t\t\t\t\t<\/div>\n\t\t\t\t<\/div>\n\t\t\t\t<div class=\"elementor-element elementor-element-afa78e8 elementor-widget elementor-widget-video\" data-id=\"afa78e8\" data-element_type=\"widget\" data-settings=\"{&quot;video_type&quot;:&quot;hosted&quot;,&quot;controls&quot;:&quot;yes&quot;}\" data-widget_type=\"video.default\">\n\t\t\t\t<div class=\"elementor-widget-container\">\n\t\t\t\t\t\t\t<div class=\"e-hosted-video elementor-wrapper elementor-open-inline\">\n\t\t\t\t\t<video class=\"elementor-video\" src=\"http:\/\/kingalenczyk.pl\/wp-content\/uploads\/2023\/05\/final-audio.mp4\" controls=\"\" preload=\"metadata\" controlsList=\"nodownload\"><\/video>\n\t\t\t\t<\/div>\n\t\t\t\t\t\t<\/div>\n\t\t\t\t<\/div>\n\t\t\t\t<div class=\"elementor-element elementor-element-41b225b elementor-widget elementor-widget-image\" data-id=\"41b225b\" data-element_type=\"widget\" data-widget_type=\"image.default\">\n\t\t\t\t<div class=\"elementor-widget-container\">\n\t\t\t\t\t\t\t\t\t\t\t\t\t\t\t<img loading=\"lazy\" decoding=\"async\" width=\"2667\" height=\"1069\" src=\"https:\/\/kingalenczyk.pl\/wp-content\/uploads\/2023\/05\/50k-4.png\" class=\"attachment-full size-full wp-image-1729\" alt=\"\" srcset=\"https:\/\/kingalenczyk.pl\/wp-content\/uploads\/2023\/05\/50k-4.png 2667w, https:\/\/kingalenczyk.pl\/wp-content\/uploads\/2023\/05\/50k-4-300x120.png 300w, https:\/\/kingalenczyk.pl\/wp-content\/uploads\/2023\/05\/50k-4-1024x410.png 1024w, https:\/\/kingalenczyk.pl\/wp-content\/uploads\/2023\/05\/50k-4-768x308.png 768w, https:\/\/kingalenczyk.pl\/wp-content\/uploads\/2023\/05\/50k-4-1536x616.png 1536w, https:\/\/kingalenczyk.pl\/wp-content\/uploads\/2023\/05\/50k-4-2048x821.png 2048w\" sizes=\"(max-width: 2667px) 100vw, 2667px\" \/>\t\t\t\t\t\t\t\t\t\t\t\t\t\t\t<\/div>\n\t\t\t\t<\/div>\n\t\t\t\t\t<\/div>\n\t\t<\/div>\n\t\t\t\t\t<\/div>\n\t\t<\/section>\n\t\t\t\t<section class=\"elementor-section elementor-top-section elementor-element elementor-element-72570e5 elementor-section-full_width elementor-section-height-default elementor-section-height-default wpr-particle-no wpr-jarallax-no wpr-parallax-no wpr-sticky-section-no\" data-id=\"72570e5\" data-element_type=\"section\">\n\t\t\t\t\t\t<div class=\"elementor-container elementor-column-gap-default\">\n\t\t\t\t\t<div class=\"elementor-column elementor-col-100 elementor-top-column elementor-element elementor-element-9ad4bd9\" data-id=\"9ad4bd9\" data-element_type=\"column\">\n\t\t\t<div class=\"elementor-widget-wrap elementor-element-populated\">\n\t\t\t\t\t\t<div class=\"elementor-element elementor-element-56d2f77 elementor-widget elementor-widget-html\" data-id=\"56d2f77\" data-element_type=\"widget\" data-widget_type=\"html.default\">\n\t\t\t\t<div class=\"elementor-widget-container\">\n\t\t\t\t\t<center><\/venter><input type=\"button\" value=\"Wstecz\" onClick=\"history.back();\" \/><\/center>\r\n\t\t\t\t<\/div>\n\t\t\t\t<\/div>\n\t\t\t\t\t<\/div>\n\t\t<\/div>\n\t\t\t\t\t<\/div>\n\t\t<\/section>\n\t\t\t\t<\/div>\n\t\t","protected":false},"excerpt":{"rendered":"<p>50 kreatywnych Projekt przedstawia modernizacji komunikacji wizualnej wydarzenia, jakim jest ranking oraz gala 50 Najbardziej Kreatywnych w Biznesie, organizowanego przez Brief.pl. Celem zmiany by\u0142o nawi\u0105zanie wizualne do nowej grupy docelowej rankingu, dotarcie do m\u0142odych oraz inspiruj\u0105cych os\u00f3b, kt\u00f3re prowadz\u0105 sw\u00f3j biznes. Pocz\u0105tkiem zmiany by\u0142o zmodernizowanie logo. Zachowany zosta\u0142 kszta\u0142t okr\u0119gu lecz nadano mu nieco abstrakcyjn\u0105 form\u0119, podobnie jak liczbie 50. W nast\u0119pnym kroku okre\u015blone zosta\u0142y barwy rankingu. Po\u0142\u0105czone w nowoczesny gradient mia\u0142y nawi\u0105zywa\u0107 do innowacyjno\u015bci, startup\u00f3w oraz \u015brodowiska Digital. Ostatnim etapem by\u0142o stworzenie patternu oraz autorskiego alfabetu z numeracj\u0105. http:\/\/kingalenczyk.pl\/wp-content\/uploads\/2023\/05\/final-audio.mp4<\/p>\n","protected":false},"author":1,"featured_media":0,"parent":0,"menu_order":0,"comment_status":"closed","ping_status":"closed","template":"elementor_header_footer","meta":{"site-sidebar-layout":"no-sidebar","site-content-layout":"page-builder","ast-site-content-layout":"","site-content-style":"default","site-sidebar-style":"default","ast-global-header-display":"","ast-banner-title-visibility":"","ast-main-header-display":"","ast-hfb-above-header-display":"","ast-hfb-below-header-display":"","ast-hfb-mobile-header-display":"","site-post-title":"disabled","ast-breadcrumbs-content":"disabled","ast-featured-img":"disabled","footer-sml-layout":"","theme-transparent-header-meta":"enabled","adv-header-id-meta":"","stick-header-meta":"","header-above-stick-meta":"","header-main-stick-meta":"","header-below-stick-meta":"","astra-migrate-meta-layouts":"default","ast-page-background-enabled":"default","ast-page-background-meta":{"desktop":{"background-color":"","background-image":"","background-repeat":"repeat","background-position":"center center","background-size":"auto","background-attachment":"scroll","background-type":"","background-media":"","overlay-type":"","overlay-color":"","overlay-opacity":"","overlay-gradient":""},"tablet":{"background-color":"","background-image":"","background-repeat":"repeat","background-position":"center center","background-size":"auto","background-attachment":"scroll","background-type":"","background-media":"","overlay-type":"","overlay-color":"","overlay-opacity":"","overlay-gradient":""},"mobile":{"background-color":"","background-image":"","background-repeat":"repeat","background-position":"center center","background-size":"auto","background-attachment":"scroll","background-type":"","background-media":"","overlay-type":"","overlay-color":"","overlay-opacity":"","overlay-gradient":""}},"ast-content-background-meta":{"desktop":{"background-color":"var(--ast-global-color-5)","background-image":"","background-repeat":"repeat","background-position":"center center","background-size":"auto","background-attachment":"scroll","background-type":"","background-media":"","overlay-type":"","overlay-color":"","overlay-opacity":"","overlay-gradient":""},"tablet":{"background-color":"var(--ast-global-color-5)","background-image":"","background-repeat":"repeat","background-position":"center center","background-size":"auto","background-attachment":"scroll","background-type":"","background-media":"","overlay-type":"","overlay-color":"","overlay-opacity":"","overlay-gradient":""},"mobile":{"background-color":"var(--ast-global-color-5)","background-image":"","background-repeat":"repeat","background-position":"center center","background-size":"auto","background-attachment":"scroll","background-type":"","background-media":"","overlay-type":"","overlay-color":"","overlay-opacity":"","overlay-gradient":""}},"footnotes":""},"class_list":["post-1722","page","type-page","status-publish","hentry"],"_links":{"self":[{"href":"https:\/\/kingalenczyk.pl\/index.php\/wp-json\/wp\/v2\/pages\/1722","targetHints":{"allow":["GET"]}}],"collection":[{"href":"https:\/\/kingalenczyk.pl\/index.php\/wp-json\/wp\/v2\/pages"}],"about":[{"href":"https:\/\/kingalenczyk.pl\/index.php\/wp-json\/wp\/v2\/types\/page"}],"author":[{"embeddable":true,"href":"https:\/\/kingalenczyk.pl\/index.php\/wp-json\/wp\/v2\/users\/1"}],"replies":[{"embeddable":true,"href":"https:\/\/kingalenczyk.pl\/index.php\/wp-json\/wp\/v2\/comments?post=1722"}],"version-history":[{"count":25,"href":"https:\/\/kingalenczyk.pl\/index.php\/wp-json\/wp\/v2\/pages\/1722\/revisions"}],"predecessor-version":[{"id":2162,"href":"https:\/\/kingalenczyk.pl\/index.php\/wp-json\/wp\/v2\/pages\/1722\/revisions\/2162"}],"wp:attachment":[{"href":"https:\/\/kingalenczyk.pl\/index.php\/wp-json\/wp\/v2\/media?parent=1722"}],"curies":[{"name":"wp","href":"https:\/\/api.w.org\/{rel}","templated":true}]}}